{"id":147,"date":"2026-04-23T10:38:02","date_gmt":"2026-04-23T10:38:02","guid":{"rendered":"https:\/\/bouture.org\/?page_id=147"},"modified":"2026-04-28T08:19:11","modified_gmt":"2026-04-28T08:19:11","slug":"biodiversitebien-etre-bienveillance","status":"publish","type":"page","link":"https:\/\/bouture.org\/index.php\/biodiversitebien-etre-bienveillance\/","title":{"rendered":"Biodiversit\u00e9,Bien-\u00eatre&#038; Bienveillance"},"content":{"rendered":"\n<div class=\"wp-block-uagb-container uagb-block-df9262a6 alignfull uagb-is-root-container\"><div class=\"uagb-container-inner-blocks-wrap\"><\/div><\/div>\n\n\n\n<p><strong>Entreprise \u00e0 impact \u00b7 RSE \u00b7 G\u00e9nie \u00e9cologique<\/strong><\/p>\n\n\n\n<div class=\"wp-block-uagb-image uagb-block-75134045 wp-block-uagb-image--layout-default wp-block-uagb-image--effect-static wp-block-uagb-image--align-none\"><figure class=\"wp-block-uagb-image__figure\"><img decoding=\"async\" srcset=\"https:\/\/bouture.org\/wp-content\/uploads\/2026\/04\/insectes-reine-des-pres-1024x683.jpg ,https:\/\/bouture.org\/wp-content\/uploads\/2026\/04\/insectes-reine-des-pres.jpg 780w, https:\/\/bouture.org\/wp-content\/uploads\/2026\/04\/insectes-reine-des-pres.jpg 360w\" sizes=\"auto, (max-width: 480px) 150px\" src=\"https:\/\/bouture.org\/wp-content\/uploads\/2026\/04\/insectes-reine-des-pres-1024x683.jpg\" alt=\"insectes reine des pres\" class=\"uag-image-166\" width=\"1024\" height=\"683\" title=\"insectes reine des pres\" loading=\"lazy\" role=\"img\"\/><\/figure><\/div>\n\n\n\n<div class=\"wp-block-uagb-call-to-action uagb-block-e817f2d5 wp-block-button\"><div class=\"uagb-cta__wrap\"><h3 class=\"uagb-cta__title\">Agissez avec nous<\/h3><p class=\"uagb-cta__desc\">Des jardins vivants qui transforment vos espaces d&rsquo;entreprise en lieux d&rsquo;inspiration, de partage et d&rsquo;engagement pour la nature<\/p><\/div><div class=\"uagb-cta__buttons\"><a href=\"#\" class=\"uagb-cta__button-link-wrapper wp-block-button__link\" target=\"_self\" rel=\"noopener noreferrer\">Mode action<svg xmlns=\"https:\/\/www.w3.org\/2000\/svg\" viewBox=\"0 0 512 512\"><path d=\"M504.3 273.6l-112.1 104c-6.992 6.484-17.18 8.218-25.94 4.406c-8.758-3.812-14.42-12.45-14.42-21.1L351.9 288H32C14.33 288 .0002 273.7 .0002 255.1S14.33 224 32 224h319.9l0-72c0-9.547 5.66-18.19 14.42-22c8.754-3.809 18.95-2.075 25.94 4.41l112.1 104C514.6 247.9 514.6 264.1 504.3 273.6z\"><\/path><\/svg><\/a><\/div><\/div>\n\n\n","protected":false},"excerpt":{"rendered":"<p>Entreprise \u00e0 impact \u00b7 RSE \u00b7 G\u00e9nie \u00e9cologique<\/p>\n","protected":false},"author":1,"featured_media":125,"parent":0,"menu_order":0,"comment_status":"closed","ping_status":"closed","template":"","meta":{"_uag_custom_page_level_css":"","site-sidebar-layout":"default","site-content-layout":"","ast-site-content-layout":"default","site-content-style":"default","site-sidebar-style":"default","ast-global-header-display":"","ast-banner-title-visibility":"","ast-main-header-display":"","ast-hfb-above-header-display":"","ast-hfb-below-header-display":"","ast-hfb-mobile-header-display":"","site-post-title":"","ast-breadcrumbs-content":"","ast-featured-img":"","footer-sml-layout":"","ast-disable-related-posts":"","theme-transparent-header-meta":"","adv-header-id-meta":"","stick-header-meta":"","header-above-stick-meta":"","header-main-stick-meta":"","header-below-stick-meta":"","astra-migrate-meta-layouts":"default","ast-page-background-enabled":"default","ast-page-background-meta":{"desktop":{"background-color":"var(--ast-global-color-5)","background-image":"","background-repeat":"repeat","background-position":"center center","background-size":"auto","background-attachment":"scroll","background-type":"","background-media":"","overlay-type":"","overlay-color":"","overlay-opacity":"","overlay-gradient":""},"tablet":{"background-color":"","background-image":"","background-repeat":"repeat","background-position":"center center","background-size":"auto","background-attachment":"scroll","background-type":"","background-media":"","overlay-type":"","overlay-color":"","overlay-opacity":"","overlay-gradient":""},"mobile":{"background-color":"","background-image":"","background-repeat":"repeat","background-position":"center center","background-size":"auto","background-attachment":"scroll","background-type":"","background-media":"","overlay-type":"","overlay-color":"","overlay-opacity":"","overlay-gradient":""}},"ast-content-background-meta":{"desktop":{"background-color":"var(--ast-global-color-4)","background-image":"","background-repeat":"repeat","background-position":"center center","background-size":"auto","background-attachment":"scroll","background-type":"","background-media":"","overlay-type":"","overlay-color":"","overlay-opacity":"","overlay-gradient":""},"tablet":{"background-color":"var(--ast-global-color-4)","background-image":"","background-repeat":"repeat","background-position":"center center","background-size":"auto","background-attachment":"scroll","background-type":"","background-media":"","overlay-type":"","overlay-color":"","overlay-opacity":"","overlay-gradient":""},"mobile":{"background-color":"var(--ast-global-color-4)","background-image":"","background-repeat":"repeat","background-position":"center center","background-size":"auto","background-attachment":"scroll","background-type":"","background-media":"","overlay-type":"","overlay-color":"","overlay-opacity":"","overlay-gradient":""}},"footnotes":""},"class_list":["post-147","page","type-page","status-publish","has-post-thumbnail","hentry"],"yoast_head":"<!-- This site is optimized with the Yoast SEO plugin v27.4 - https:\/\/yoast.com\/product\/yoast-seo-wordpress\/ -->\n<title>Biodiversit\u00e9,Bien-\u00eatre&amp; Bienveillance - Bouture.org \u2014 RSE Biodiversit\u00e9 : Jardins Vivants &amp; Animations Nature pour Entreprises<\/title>\n<meta name=\"robots\" content=\"index, follow, max-snippet:-1, max-image-preview:large, max-video-preview:-1\" \/>\n<link rel=\"canonical\" href=\"https:\/\/bouture.org\/index.php\/biodiversitebien-etre-bienveillance\/\" \/>\n<meta property=\"og:locale\" content=\"fr_FR\" \/>\n<meta property=\"og:type\" content=\"article\" \/>\n<meta property=\"og:title\" content=\"Biodiversit\u00e9,Bien-\u00eatre&amp; Bienveillance - Bouture.org \u2014 RSE Biodiversit\u00e9 : Jardins Vivants &amp; Animations Nature pour Entreprises\" \/>\n<meta property=\"og:description\" content=\"Entreprise \u00e0 impact \u00b7 RSE \u00b7 G\u00e9nie \u00e9cologique\" \/>\n<meta property=\"og:url\" content=\"https:\/\/bouture.org\/index.php\/biodiversitebien-etre-bienveillance\/\" \/>\n<meta property=\"og:site_name\" content=\"Bouture.org \u2014 RSE Biodiversit\u00e9 : Jardins Vivants &amp; Animations Nature pour Entreprises\" \/>\n<meta property=\"article:modified_time\" content=\"2026-04-28T08:19:11+00:00\" \/>\n<meta property=\"og:image\" content=\"http:\/\/bouture.org\/wp-content\/uploads\/2026\/04\/pivoineavrilbis2026.jpg\" \/>\n\t<meta property=\"og:image:width\" content=\"1024\" \/>\n\t<meta property=\"og:image:height\" content=\"683\" \/>\n\t<meta property=\"og:image:type\" content=\"image\/jpeg\" \/>\n<meta name=\"twitter:card\" content=\"summary_large_image\" \/>\n<meta name=\"twitter:label1\" content=\"Dur\u00e9e de lecture estim\u00e9e\" \/>\n\t<meta name=\"twitter:data1\" content=\"1 minute\" \/>\n<script type=\"application\/ld+json\" class=\"yoast-schema-graph\">{\"@context\":\"https:\\\/\\\/schema.org\",\"@graph\":[{\"@type\":\"WebPage\",\"@id\":\"https:\\\/\\\/bouture.org\\\/index.php\\\/biodiversitebien-etre-bienveillance\\\/\",\"url\":\"https:\\\/\\\/bouture.org\\\/index.php\\\/biodiversitebien-etre-bienveillance\\\/\",\"name\":\"Biodiversit\u00e9,Bien-\u00eatre& Bienveillance - Bouture.org \u2014 RSE Biodiversit\u00e9 : Jardins Vivants &amp; Animations Nature pour Entreprises\",\"isPartOf\":{\"@id\":\"https:\\\/\\\/bouture.org\\\/#website\"},\"primaryImageOfPage\":{\"@id\":\"https:\\\/\\\/bouture.org\\\/index.php\\\/biodiversitebien-etre-bienveillance\\\/#primaryimage\"},\"image\":{\"@id\":\"https:\\\/\\\/bouture.org\\\/index.php\\\/biodiversitebien-etre-bienveillance\\\/#primaryimage\"},\"thumbnailUrl\":\"https:\\\/\\\/bouture.org\\\/wp-content\\\/uploads\\\/2026\\\/04\\\/pivoineavrilbis2026.jpg\",\"datePublished\":\"2026-04-23T10:38:02+00:00\",\"dateModified\":\"2026-04-28T08:19:11+00:00\",\"breadcrumb\":{\"@id\":\"https:\\\/\\\/bouture.org\\\/index.php\\\/biodiversitebien-etre-bienveillance\\\/#breadcrumb\"},\"inLanguage\":\"fr-FR\",\"potentialAction\":[{\"@type\":\"ReadAction\",\"target\":[\"https:\\\/\\\/bouture.org\\\/index.php\\\/biodiversitebien-etre-bienveillance\\\/\"]}]},{\"@type\":\"ImageObject\",\"inLanguage\":\"fr-FR\",\"@id\":\"https:\\\/\\\/bouture.org\\\/index.php\\\/biodiversitebien-etre-bienveillance\\\/#primaryimage\",\"url\":\"https:\\\/\\\/bouture.org\\\/wp-content\\\/uploads\\\/2026\\\/04\\\/pivoineavrilbis2026.jpg\",\"contentUrl\":\"https:\\\/\\\/bouture.org\\\/wp-content\\\/uploads\\\/2026\\\/04\\\/pivoineavrilbis2026.jpg\",\"width\":1024,\"height\":683,\"caption\":\"pivoineavrilbis2026\"},{\"@type\":\"BreadcrumbList\",\"@id\":\"https:\\\/\\\/bouture.org\\\/index.php\\\/biodiversitebien-etre-bienveillance\\\/#breadcrumb\",\"itemListElement\":[{\"@type\":\"ListItem\",\"position\":1,\"name\":\"Accueil\",\"item\":\"https:\\\/\\\/bouture.org\\\/\"},{\"@type\":\"ListItem\",\"position\":2,\"name\":\"Biodiversit\u00e9,Bien-\u00eatre&#038; Bienveillance\"}]},{\"@type\":\"WebSite\",\"@id\":\"https:\\\/\\\/bouture.org\\\/#website\",\"url\":\"https:\\\/\\\/bouture.org\\\/\",\"name\":\"Bouture.org \u2014 RSE Biodiversit\u00e9 : Jardins Vivants &amp; Animations Nature pour Entreprises\",\"description\":\"Biodiversit\u00e9, Bien-\u00eatre &amp; Bienveillance Une approche soci\u00e9tale et humaine de l&#039;\u00e9cologie.\",\"publisher\":{\"@id\":\"https:\\\/\\\/bouture.org\\\/#organization\"},\"potentialAction\":[{\"@type\":\"SearchAction\",\"target\":{\"@type\":\"EntryPoint\",\"urlTemplate\":\"https:\\\/\\\/bouture.org\\\/?s={search_term_string}\"},\"query-input\":{\"@type\":\"PropertyValueSpecification\",\"valueRequired\":true,\"valueName\":\"search_term_string\"}}],\"inLanguage\":\"fr-FR\"},{\"@type\":\"Organization\",\"@id\":\"https:\\\/\\\/bouture.org\\\/#organization\",\"name\":\"Bouture.org \u2014 RSE Biodiversit\u00e9 : Jardins Vivants &amp; Animations Nature pour Entreprises\",\"url\":\"https:\\\/\\\/bouture.org\\\/\",\"logo\":{\"@type\":\"ImageObject\",\"inLanguage\":\"fr-FR\",\"@id\":\"https:\\\/\\\/bouture.org\\\/#\\\/schema\\\/logo\\\/image\\\/\",\"url\":\"https:\\\/\\\/bouture.org\\\/wp-content\\\/uploads\\\/2026\\\/04\\\/bouture_logo_header_200x60.png\",\"contentUrl\":\"https:\\\/\\\/bouture.org\\\/wp-content\\\/uploads\\\/2026\\\/04\\\/bouture_logo_header_200x60.png\",\"width\":200,\"height\":60,\"caption\":\"Bouture.org \u2014 RSE Biodiversit\u00e9 : Jardins Vivants &amp; Animations Nature pour Entreprises\"},\"image\":{\"@id\":\"https:\\\/\\\/bouture.org\\\/#\\\/schema\\\/logo\\\/image\\\/\"}}]}<\/script>\n<!-- \/ Yoast SEO plugin. -->","yoast_head_json":{"title":"Biodiversit\u00e9,Bien-\u00eatre& Bienveillance - Bouture.org \u2014 RSE Biodiversit\u00e9 : Jardins Vivants &amp; Animations Nature pour Entreprises","robots":{"index":"index","follow":"follow","max-snippet":"max-snippet:-1","max-image-preview":"max-image-preview:large","max-video-preview":"max-video-preview:-1"},"canonical":"https:\/\/bouture.org\/index.php\/biodiversitebien-etre-bienveillance\/","og_locale":"fr_FR","og_type":"article","og_title":"Biodiversit\u00e9,Bien-\u00eatre& Bienveillance - Bouture.org \u2014 RSE Biodiversit\u00e9 : Jardins Vivants &amp; Animations Nature pour Entreprises","og_description":"Entreprise \u00e0 impact \u00b7 RSE \u00b7 G\u00e9nie \u00e9cologique","og_url":"https:\/\/bouture.org\/index.php\/biodiversitebien-etre-bienveillance\/","og_site_name":"Bouture.org \u2014 RSE Biodiversit\u00e9 : Jardins Vivants &amp; Animations Nature pour Entreprises","article_modified_time":"2026-04-28T08:19:11+00:00","og_image":[{"width":1024,"height":683,"url":"http:\/\/bouture.org\/wp-content\/uploads\/2026\/04\/pivoineavrilbis2026.jpg","type":"image\/jpeg"}],"twitter_card":"summary_large_image","twitter_misc":{"Dur\u00e9e de lecture estim\u00e9e":"1 minute"},"schema":{"@context":"https:\/\/schema.org","@graph":[{"@type":"WebPage","@id":"https:\/\/bouture.org\/index.php\/biodiversitebien-etre-bienveillance\/","url":"https:\/\/bouture.org\/index.php\/biodiversitebien-etre-bienveillance\/","name":"Biodiversit\u00e9,Bien-\u00eatre& Bienveillance - Bouture.org \u2014 RSE Biodiversit\u00e9 : Jardins Vivants &amp; Animations Nature pour Entreprises","isPartOf":{"@id":"https:\/\/bouture.org\/#website"},"primaryImageOfPage":{"@id":"https:\/\/bouture.org\/index.php\/biodiversitebien-etre-bienveillance\/#primaryimage"},"image":{"@id":"https:\/\/bouture.org\/index.php\/biodiversitebien-etre-bienveillance\/#primaryimage"},"thumbnailUrl":"https:\/\/bouture.org\/wp-content\/uploads\/2026\/04\/pivoineavrilbis2026.jpg","datePublished":"2026-04-23T10:38:02+00:00","dateModified":"2026-04-28T08:19:11+00:00","breadcrumb":{"@id":"https:\/\/bouture.org\/index.php\/biodiversitebien-etre-bienveillance\/#breadcrumb"},"inLanguage":"fr-FR","potentialAction":[{"@type":"ReadAction","target":["https:\/\/bouture.org\/index.php\/biodiversitebien-etre-bienveillance\/"]}]},{"@type":"ImageObject","inLanguage":"fr-FR","@id":"https:\/\/bouture.org\/index.php\/biodiversitebien-etre-bienveillance\/#primaryimage","url":"https:\/\/bouture.org\/wp-content\/uploads\/2026\/04\/pivoineavrilbis2026.jpg","contentUrl":"https:\/\/bouture.org\/wp-content\/uploads\/2026\/04\/pivoineavrilbis2026.jpg","width":1024,"height":683,"caption":"pivoineavrilbis2026"},{"@type":"BreadcrumbList","@id":"https:\/\/bouture.org\/index.php\/biodiversitebien-etre-bienveillance\/#breadcrumb","itemListElement":[{"@type":"ListItem","position":1,"name":"Accueil","item":"https:\/\/bouture.org\/"},{"@type":"ListItem","position":2,"name":"Biodiversit\u00e9,Bien-\u00eatre&#038; Bienveillance"}]},{"@type":"WebSite","@id":"https:\/\/bouture.org\/#website","url":"https:\/\/bouture.org\/","name":"Bouture.org \u2014 RSE Biodiversit\u00e9 : Jardins Vivants &amp; Animations Nature pour Entreprises","description":"Biodiversit\u00e9, Bien-\u00eatre &amp; Bienveillance Une approche soci\u00e9tale et humaine de l&#039;\u00e9cologie.","publisher":{"@id":"https:\/\/bouture.org\/#organization"},"potentialAction":[{"@type":"SearchAction","target":{"@type":"EntryPoint","urlTemplate":"https:\/\/bouture.org\/?s={search_term_string}"},"query-input":{"@type":"PropertyValueSpecification","valueRequired":true,"valueName":"search_term_string"}}],"inLanguage":"fr-FR"},{"@type":"Organization","@id":"https:\/\/bouture.org\/#organization","name":"Bouture.org \u2014 RSE Biodiversit\u00e9 : Jardins Vivants &amp; Animations Nature pour Entreprises","url":"https:\/\/bouture.org\/","logo":{"@type":"ImageObject","inLanguage":"fr-FR","@id":"https:\/\/bouture.org\/#\/schema\/logo\/image\/","url":"https:\/\/bouture.org\/wp-content\/uploads\/2026\/04\/bouture_logo_header_200x60.png","contentUrl":"https:\/\/bouture.org\/wp-content\/uploads\/2026\/04\/bouture_logo_header_200x60.png","width":200,"height":60,"caption":"Bouture.org \u2014 RSE Biodiversit\u00e9 : Jardins Vivants &amp; Animations Nature pour Entreprises"},"image":{"@id":"https:\/\/bouture.org\/#\/schema\/logo\/image\/"}}]}},"uagb_featured_image_src":{"full":["https:\/\/bouture.org\/wp-content\/uploads\/2026\/04\/pivoineavrilbis2026.jpg",1024,683,false],"thumbnail":["https:\/\/bouture.org\/wp-content\/uploads\/2026\/04\/pivoineavrilbis2026-150x150.jpg",150,150,true],"medium":["https:\/\/bouture.org\/wp-content\/uploads\/2026\/04\/pivoineavrilbis2026-300x200.jpg",300,200,true],"medium_large":["https:\/\/bouture.org\/wp-content\/uploads\/2026\/04\/pivoineavrilbis2026-768x512.jpg",768,512,true],"large":["https:\/\/bouture.org\/wp-content\/uploads\/2026\/04\/pivoineavrilbis2026.jpg",1024,683,false],"1536x1536":["https:\/\/bouture.org\/wp-content\/uploads\/2026\/04\/pivoineavrilbis2026.jpg",1024,683,false],"2048x2048":["https:\/\/bouture.org\/wp-content\/uploads\/2026\/04\/pivoineavrilbis2026.jpg",1024,683,false]},"uagb_author_info":{"display_name":"wasselin.philippe@gmail.com","author_link":"https:\/\/bouture.org\/index.php\/author\/wasselin-philippegmail-com\/"},"uagb_comment_info":0,"uagb_excerpt":"Entreprise \u00e0 impact \u00b7 RSE \u00b7 G\u00e9nie \u00e9cologique","_links":{"self":[{"href":"https:\/\/bouture.org\/index.php\/wp-json\/wp\/v2\/pages\/147","targetHints":{"allow":["GET"]}}],"collection":[{"href":"https:\/\/bouture.org\/index.php\/wp-json\/wp\/v2\/pages"}],"about":[{"href":"https:\/\/bouture.org\/index.php\/wp-json\/wp\/v2\/types\/page"}],"author":[{"embeddable":true,"href":"https:\/\/bouture.org\/index.php\/wp-json\/wp\/v2\/users\/1"}],"replies":[{"embeddable":true,"href":"https:\/\/bouture.org\/index.php\/wp-json\/wp\/v2\/comments?post=147"}],"version-history":[{"count":4,"href":"https:\/\/bouture.org\/index.php\/wp-json\/wp\/v2\/pages\/147\/revisions"}],"predecessor-version":[{"id":203,"href":"https:\/\/bouture.org\/index.php\/wp-json\/wp\/v2\/pages\/147\/revisions\/203"}],"wp:featuredmedia":[{"embeddable":true,"href":"https:\/\/bouture.org\/index.php\/wp-json\/wp\/v2\/media\/125"}],"wp:attachment":[{"href":"https:\/\/bouture.org\/index.php\/wp-json\/wp\/v2\/media?parent=147"}],"curies":[{"name":"wp","href":"https:\/\/api.w.org\/{rel}","templated":true}]}}