{"id":54,"date":"2026-04-23T11:33:25","date_gmt":"2026-04-23T11:33:25","guid":{"rendered":"https:\/\/bouture.org\/?page_id=54"},"modified":"2026-04-23T11:33:26","modified_gmt":"2026-04-23T11:33:26","slug":"notre-histoire","status":"publish","type":"page","link":"https:\/\/bouture.org\/index.php\/notre-histoire\/","title":{"rendered":"Notre Histoire"},"content":{"rendered":"\n<h1 class=\"\\&quot;has-text-align-center\\&quot; wp-block-heading\">Notre Histoire \u2014 Une passion devenue vocation<\/h1>\n\n\n\n<hr class=\\\"wp-block-separator has-alpha-channel-opacity\\\"\/>\n\n\n\n<h2 class=\"wp-block-heading\">\ud83c\udf31 Les d\u00e9buts \u2014 Ann\u00e9es 2000<\/h2>\n\n\n\n<p>Bouture.com, c\\&rsquo;est d\\&rsquo;abord des rencontres et une passion. Dans les ann\u00e9es 2000, Philippe Wasselin avait effectu\u00e9 beaucoup de semis et de boutures de ses plantes pr\u00e9f\u00e9r\u00e9es \u2014 trop de plantes pour son seul jardin. Il a cr\u00e9\u00e9 un site, un blog pour partager \u00e0 la fois des plantes mais aussi des id\u00e9es d\\&rsquo;un jardinage \u00e9cologique, sans pesticide, respectueux, tenant compte de la nature environnante et de sa faune et de ses oiseaux en particulier.<\/p>\n\n\n\n<h2 class=\"wp-block-heading\">\ud83c\udf3f La passion des collections<\/h2>\n\n\n\n<p>Cette passion pour la nature et pour les plantes, les \u00e9changes et les rencontres amicales ont apport\u00e9 de la connaissance et permis de constituer de belles collections de plantes \u00e0 partager : pivoines arbustives, reines des pr\u00e9s, rosiers, iris ensata, arbres fruitiers, plantes \u00e0 fragrance. Des collections uniques, cultiv\u00e9es avec soin et sans produits chimiques.<\/p>\n\n\n\n<h2 class=\"wp-block-heading\">\ud83c\udfe2 La cr\u00e9ation de l\\&rsquo;entreprise<\/h2>\n\n\n\n<p>Par la suite, l\\&rsquo;id\u00e9e d\\&rsquo;associer la beaut\u00e9 des plantes et faire le bien a conduit \u00e0 cr\u00e9er une entreprise de G\u00e9nie \u00c9cologique et d\\&rsquo;Activit\u00e9 RSE pour d\u00e9velopper la biodiversit\u00e9 et le soci\u00e9tal. Depuis, Bouture com services r\u00e9alise des op\u00e9rations autour de la Biodiversit\u00e9 et cultive le bien-\u00eatre et la bienveillance de l\\&rsquo;entreprise \u2014 valeurs essentielles de la qualit\u00e9 de vie au travail (QVT).<\/p>\n\n\n\n<hr class=\\\"wp-block-separator has-alpha-channel-opacity\\\"\/>\n\n\n\n<div class=\"\\&quot;wp-block-group\\&quot; is-layout-flow wp-block-group-is-layout-flow\" style=\\\"padding:30px\\\">\n\n<h2 class=\"\\&quot;has-white-color wp-block-heading\" has-text-color\\\">Philippe Wasselin \u2014 Fondateur<\/h2>\n\n\n<p class=\\\"has-white-color has-text-color\\\">G\u00e9nie \u00c9cologique \u00b7 Activit\u00e9 RSE \u00b7 D\u00e9veloppement durable \u00b7 Jardinier &amp; collectionneur de plantes \u00b7 Entrepreneur pour la plan\u00e8te<br>\ud83d\udcde 06 76 75 21 00 &nbsp;&nbsp; \u2709 philippe@bouture.com<\/p>\n\n<\/div>\n","protected":false},"excerpt":{"rendered":"<p>Notre Histoire \u2014 Une passion devenue vocation \ud83c\udf31 Les d\u00e9buts \u2014 Ann\u00e9es 2000 Bouture.com, c\\&rsquo;est d\\&rsquo;abord des rencontres et une [&hellip;]<\/p>\n","protected":false},"author":2,"featured_media":160,"parent":0,"menu_order":0,"comment_status":"closed","ping_status":"closed","template":"","meta":{"_uag_custom_page_level_css":"","site-sidebar-layout":"default","site-content-layout":"","ast-site-content-layout":"default","site-content-style":"default","site-sidebar-style":"default","ast-global-header-display":"","ast-banner-title-visibility":"","ast-main-header-display":"","ast-hfb-above-header-display":"","ast-hfb-below-header-display":"","ast-hfb-mobile-header-display":"","site-post-title":"","ast-breadcrumbs-content":"","ast-featured-img":"","footer-sml-layout":"","ast-disable-related-posts":"","theme-transparent-header-meta":"","adv-header-id-meta":"","stick-header-meta":"","header-above-stick-meta":"","header-main-stick-meta":"","header-below-stick-meta":"","astra-migrate-meta-layouts":"default","ast-page-background-enabled":"default","ast-page-background-meta":{"desktop":{"background-color":"var(--ast-global-color-5)","background-image":"","background-repeat":"repeat","background-position":"center center","background-size":"auto","background-attachment":"scroll","background-type":"","background-media":"","overlay-type":"","overlay-color":"","overlay-opacity":"","overlay-gradient":""},"tablet":{"background-color":"","background-image":"","background-repeat":"repeat","background-position":"center center","background-size":"auto","background-attachment":"scroll","background-type":"","background-media":"","overlay-type":"","overlay-color":"","overlay-opacity":"","overlay-gradient":""},"mobile":{"background-color":"","background-image":"","background-repeat":"repeat","background-position":"center center","background-size":"auto","background-attachment":"scroll","background-type":"","background-media":"","overlay-type":"","overlay-color":"","overlay-opacity":"","overlay-gradient":""}},"ast-content-background-meta":{"desktop":{"background-color":"var(--ast-global-color-4)","background-image":"","background-repeat":"repeat","background-position":"center center","background-size":"auto","background-attachment":"scroll","background-type":"","background-media":"","overlay-type":"","overlay-color":"","overlay-opacity":"","overlay-gradient":""},"tablet":{"background-color":"var(--ast-global-color-4)","background-image":"","background-repeat":"repeat","background-position":"center center","background-size":"auto","background-attachment":"scroll","background-type":"","background-media":"","overlay-type":"","overlay-color":"","overlay-opacity":"","overlay-gradient":""},"mobile":{"background-color":"var(--ast-global-color-4)","background-image":"","background-repeat":"repeat","background-position":"center center","background-size":"auto","background-attachment":"scroll","background-type":"","background-media":"","overlay-type":"","overlay-color":"","overlay-opacity":"","overlay-gradient":""}},"footnotes":""},"class_list":["post-54","page","type-page","status-publish","has-post-thumbnail","hentry"],"yoast_head":"<!-- This site is optimized with the Yoast SEO plugin v27.4 - https:\/\/yoast.com\/product\/yoast-seo-wordpress\/ -->\n<title>Notre Histoire - Bouture.org \u2014 RSE Biodiversit\u00e9 : Jardins Vivants &amp; Animations Nature pour Entreprises<\/title>\n<meta name=\"robots\" content=\"index, follow, max-snippet:-1, max-image-preview:large, max-video-preview:-1\" \/>\n<link rel=\"canonical\" href=\"https:\/\/bouture.org\/index.php\/notre-histoire\/\" \/>\n<meta property=\"og:locale\" content=\"fr_FR\" \/>\n<meta property=\"og:type\" content=\"article\" \/>\n<meta property=\"og:title\" content=\"Notre Histoire - Bouture.org \u2014 RSE Biodiversit\u00e9 : Jardins Vivants &amp; Animations Nature pour Entreprises\" \/>\n<meta property=\"og:description\" content=\"Notre Histoire \u2014 Une passion devenue vocation \ud83c\udf31 Les d\u00e9buts \u2014 Ann\u00e9es 2000 Bouture.com, c&rsquo;est d&rsquo;abord des rencontres et une [&hellip;]\" \/>\n<meta property=\"og:url\" content=\"https:\/\/bouture.org\/index.php\/notre-histoire\/\" \/>\n<meta property=\"og:site_name\" content=\"Bouture.org \u2014 RSE Biodiversit\u00e9 : Jardins Vivants &amp; Animations Nature pour Entreprises\" \/>\n<meta property=\"article:modified_time\" content=\"2026-04-23T11:33:26+00:00\" \/>\n<meta property=\"og:image\" content=\"http:\/\/bouture.org\/wp-content\/uploads\/2026\/04\/jardin-zen-bouture-com.jpg\" \/>\n\t<meta property=\"og:image:width\" content=\"1024\" \/>\n\t<meta property=\"og:image:height\" content=\"683\" \/>\n\t<meta property=\"og:image:type\" content=\"image\/jpeg\" \/>\n<meta name=\"twitter:card\" content=\"summary_large_image\" \/>\n<meta name=\"twitter:label1\" content=\"Dur\u00e9e de lecture estim\u00e9e\" \/>\n\t<meta name=\"twitter:data1\" content=\"2 minutes\" \/>\n<script type=\"application\/ld+json\" class=\"yoast-schema-graph\">{\"@context\":\"https:\\\/\\\/schema.org\",\"@graph\":[{\"@type\":\"WebPage\",\"@id\":\"https:\\\/\\\/bouture.org\\\/index.php\\\/notre-histoire\\\/\",\"url\":\"https:\\\/\\\/bouture.org\\\/index.php\\\/notre-histoire\\\/\",\"name\":\"Notre Histoire - Bouture.org \u2014 RSE Biodiversit\u00e9 : Jardins Vivants &amp; Animations Nature pour Entreprises\",\"isPartOf\":{\"@id\":\"https:\\\/\\\/bouture.org\\\/#website\"},\"primaryImageOfPage\":{\"@id\":\"https:\\\/\\\/bouture.org\\\/index.php\\\/notre-histoire\\\/#primaryimage\"},\"image\":{\"@id\":\"https:\\\/\\\/bouture.org\\\/index.php\\\/notre-histoire\\\/#primaryimage\"},\"thumbnailUrl\":\"https:\\\/\\\/bouture.org\\\/wp-content\\\/uploads\\\/2026\\\/04\\\/jardin-zen-bouture-com.jpg\",\"datePublished\":\"2026-04-23T11:33:25+00:00\",\"dateModified\":\"2026-04-23T11:33:26+00:00\",\"breadcrumb\":{\"@id\":\"https:\\\/\\\/bouture.org\\\/index.php\\\/notre-histoire\\\/#breadcrumb\"},\"inLanguage\":\"fr-FR\",\"potentialAction\":[{\"@type\":\"ReadAction\",\"target\":[\"https:\\\/\\\/bouture.org\\\/index.php\\\/notre-histoire\\\/\"]}]},{\"@type\":\"ImageObject\",\"inLanguage\":\"fr-FR\",\"@id\":\"https:\\\/\\\/bouture.org\\\/index.php\\\/notre-histoire\\\/#primaryimage\",\"url\":\"https:\\\/\\\/bouture.org\\\/wp-content\\\/uploads\\\/2026\\\/04\\\/jardin-zen-bouture-com.jpg\",\"contentUrl\":\"https:\\\/\\\/bouture.org\\\/wp-content\\\/uploads\\\/2026\\\/04\\\/jardin-zen-bouture-com.jpg\",\"width\":1024,\"height\":683,\"caption\":\"jardin zen bouture com\"},{\"@type\":\"BreadcrumbList\",\"@id\":\"https:\\\/\\\/bouture.org\\\/index.php\\\/notre-histoire\\\/#breadcrumb\",\"itemListElement\":[{\"@type\":\"ListItem\",\"position\":1,\"name\":\"Accueil\",\"item\":\"https:\\\/\\\/bouture.org\\\/\"},{\"@type\":\"ListItem\",\"position\":2,\"name\":\"Notre Histoire\"}]},{\"@type\":\"WebSite\",\"@id\":\"https:\\\/\\\/bouture.org\\\/#website\",\"url\":\"https:\\\/\\\/bouture.org\\\/\",\"name\":\"Bouture.org \u2014 RSE Biodiversit\u00e9 : Jardins Vivants &amp; Animations Nature pour Entreprises\",\"description\":\"Biodiversit\u00e9, Bien-\u00eatre &amp; Bienveillance Une approche soci\u00e9tale et humaine de l&#039;\u00e9cologie.\",\"publisher\":{\"@id\":\"https:\\\/\\\/bouture.org\\\/#organization\"},\"potentialAction\":[{\"@type\":\"SearchAction\",\"target\":{\"@type\":\"EntryPoint\",\"urlTemplate\":\"https:\\\/\\\/bouture.org\\\/?s={search_term_string}\"},\"query-input\":{\"@type\":\"PropertyValueSpecification\",\"valueRequired\":true,\"valueName\":\"search_term_string\"}}],\"inLanguage\":\"fr-FR\"},{\"@type\":\"Organization\",\"@id\":\"https:\\\/\\\/bouture.org\\\/#organization\",\"name\":\"Bouture.org \u2014 RSE Biodiversit\u00e9 : Jardins Vivants &amp; Animations Nature pour Entreprises\",\"url\":\"https:\\\/\\\/bouture.org\\\/\",\"logo\":{\"@type\":\"ImageObject\",\"inLanguage\":\"fr-FR\",\"@id\":\"https:\\\/\\\/bouture.org\\\/#\\\/schema\\\/logo\\\/image\\\/\",\"url\":\"https:\\\/\\\/bouture.org\\\/wp-content\\\/uploads\\\/2026\\\/04\\\/bouture_logo_header_200x60.png\",\"contentUrl\":\"https:\\\/\\\/bouture.org\\\/wp-content\\\/uploads\\\/2026\\\/04\\\/bouture_logo_header_200x60.png\",\"width\":200,\"height\":60,\"caption\":\"Bouture.org \u2014 RSE Biodiversit\u00e9 : Jardins Vivants &amp; Animations Nature pour Entreprises\"},\"image\":{\"@id\":\"https:\\\/\\\/bouture.org\\\/#\\\/schema\\\/logo\\\/image\\\/\"}}]}<\/script>\n<!-- \/ Yoast SEO plugin. -->","yoast_head_json":{"title":"Notre Histoire - Bouture.org \u2014 RSE Biodiversit\u00e9 : Jardins Vivants &amp; Animations Nature pour Entreprises","robots":{"index":"index","follow":"follow","max-snippet":"max-snippet:-1","max-image-preview":"max-image-preview:large","max-video-preview":"max-video-preview:-1"},"canonical":"https:\/\/bouture.org\/index.php\/notre-histoire\/","og_locale":"fr_FR","og_type":"article","og_title":"Notre Histoire - Bouture.org \u2014 RSE Biodiversit\u00e9 : Jardins Vivants &amp; Animations Nature pour Entreprises","og_description":"Notre Histoire \u2014 Une passion devenue vocation \ud83c\udf31 Les d\u00e9buts \u2014 Ann\u00e9es 2000 Bouture.com, c&rsquo;est d&rsquo;abord des rencontres et une [&hellip;]","og_url":"https:\/\/bouture.org\/index.php\/notre-histoire\/","og_site_name":"Bouture.org \u2014 RSE Biodiversit\u00e9 : Jardins Vivants &amp; Animations Nature pour Entreprises","article_modified_time":"2026-04-23T11:33:26+00:00","og_image":[{"width":1024,"height":683,"url":"http:\/\/bouture.org\/wp-content\/uploads\/2026\/04\/jardin-zen-bouture-com.jpg","type":"image\/jpeg"}],"twitter_card":"summary_large_image","twitter_misc":{"Dur\u00e9e de lecture estim\u00e9e":"2 minutes"},"schema":{"@context":"https:\/\/schema.org","@graph":[{"@type":"WebPage","@id":"https:\/\/bouture.org\/index.php\/notre-histoire\/","url":"https:\/\/bouture.org\/index.php\/notre-histoire\/","name":"Notre Histoire - Bouture.org \u2014 RSE Biodiversit\u00e9 : Jardins Vivants &amp; Animations Nature pour Entreprises","isPartOf":{"@id":"https:\/\/bouture.org\/#website"},"primaryImageOfPage":{"@id":"https:\/\/bouture.org\/index.php\/notre-histoire\/#primaryimage"},"image":{"@id":"https:\/\/bouture.org\/index.php\/notre-histoire\/#primaryimage"},"thumbnailUrl":"https:\/\/bouture.org\/wp-content\/uploads\/2026\/04\/jardin-zen-bouture-com.jpg","datePublished":"2026-04-23T11:33:25+00:00","dateModified":"2026-04-23T11:33:26+00:00","breadcrumb":{"@id":"https:\/\/bouture.org\/index.php\/notre-histoire\/#breadcrumb"},"inLanguage":"fr-FR","potentialAction":[{"@type":"ReadAction","target":["https:\/\/bouture.org\/index.php\/notre-histoire\/"]}]},{"@type":"ImageObject","inLanguage":"fr-FR","@id":"https:\/\/bouture.org\/index.php\/notre-histoire\/#primaryimage","url":"https:\/\/bouture.org\/wp-content\/uploads\/2026\/04\/jardin-zen-bouture-com.jpg","contentUrl":"https:\/\/bouture.org\/wp-content\/uploads\/2026\/04\/jardin-zen-bouture-com.jpg","width":1024,"height":683,"caption":"jardin zen bouture com"},{"@type":"BreadcrumbList","@id":"https:\/\/bouture.org\/index.php\/notre-histoire\/#breadcrumb","itemListElement":[{"@type":"ListItem","position":1,"name":"Accueil","item":"https:\/\/bouture.org\/"},{"@type":"ListItem","position":2,"name":"Notre Histoire"}]},{"@type":"WebSite","@id":"https:\/\/bouture.org\/#website","url":"https:\/\/bouture.org\/","name":"Bouture.org \u2014 RSE Biodiversit\u00e9 : Jardins Vivants &amp; Animations Nature pour Entreprises","description":"Biodiversit\u00e9, Bien-\u00eatre &amp; Bienveillance Une approche soci\u00e9tale et humaine de l&#039;\u00e9cologie.","publisher":{"@id":"https:\/\/bouture.org\/#organization"},"potentialAction":[{"@type":"SearchAction","target":{"@type":"EntryPoint","urlTemplate":"https:\/\/bouture.org\/?s={search_term_string}"},"query-input":{"@type":"PropertyValueSpecification","valueRequired":true,"valueName":"search_term_string"}}],"inLanguage":"fr-FR"},{"@type":"Organization","@id":"https:\/\/bouture.org\/#organization","name":"Bouture.org \u2014 RSE Biodiversit\u00e9 : Jardins Vivants &amp; Animations Nature pour Entreprises","url":"https:\/\/bouture.org\/","logo":{"@type":"ImageObject","inLanguage":"fr-FR","@id":"https:\/\/bouture.org\/#\/schema\/logo\/image\/","url":"https:\/\/bouture.org\/wp-content\/uploads\/2026\/04\/bouture_logo_header_200x60.png","contentUrl":"https:\/\/bouture.org\/wp-content\/uploads\/2026\/04\/bouture_logo_header_200x60.png","width":200,"height":60,"caption":"Bouture.org \u2014 RSE Biodiversit\u00e9 : Jardins Vivants &amp; Animations Nature pour Entreprises"},"image":{"@id":"https:\/\/bouture.org\/#\/schema\/logo\/image\/"}}]}},"uagb_featured_image_src":{"full":["https:\/\/bouture.org\/wp-content\/uploads\/2026\/04\/jardin-zen-bouture-com.jpg",1024,683,false],"thumbnail":["https:\/\/bouture.org\/wp-content\/uploads\/2026\/04\/jardin-zen-bouture-com-150x150.jpg",150,150,true],"medium":["https:\/\/bouture.org\/wp-content\/uploads\/2026\/04\/jardin-zen-bouture-com-300x200.jpg",300,200,true],"medium_large":["https:\/\/bouture.org\/wp-content\/uploads\/2026\/04\/jardin-zen-bouture-com-768x512.jpg",768,512,true],"large":["https:\/\/bouture.org\/wp-content\/uploads\/2026\/04\/jardin-zen-bouture-com.jpg",1024,683,false],"1536x1536":["https:\/\/bouture.org\/wp-content\/uploads\/2026\/04\/jardin-zen-bouture-com.jpg",1024,683,false],"2048x2048":["https:\/\/bouture.org\/wp-content\/uploads\/2026\/04\/jardin-zen-bouture-com.jpg",1024,683,false]},"uagb_author_info":{"display_name":"Philippe Wasselin","author_link":"https:\/\/bouture.org\/index.php\/author\/philippe\/"},"uagb_comment_info":0,"uagb_excerpt":"Notre Histoire \u2014 Une passion devenue vocation \ud83c\udf31 Les d\u00e9buts \u2014 Ann\u00e9es 2000 Bouture.com, c\\&rsquo;est d\\&rsquo;abord des rencontres et une [&hellip;]","_links":{"self":[{"href":"https:\/\/bouture.org\/index.php\/wp-json\/wp\/v2\/pages\/54","targetHints":{"allow":["GET"]}}],"collection":[{"href":"https:\/\/bouture.org\/index.php\/wp-json\/wp\/v2\/pages"}],"about":[{"href":"https:\/\/bouture.org\/index.php\/wp-json\/wp\/v2\/types\/page"}],"author":[{"embeddable":true,"href":"https:\/\/bouture.org\/index.php\/wp-json\/wp\/v2\/users\/2"}],"replies":[{"embeddable":true,"href":"https:\/\/bouture.org\/index.php\/wp-json\/wp\/v2\/comments?post=54"}],"version-history":[{"count":1,"href":"https:\/\/bouture.org\/index.php\/wp-json\/wp\/v2\/pages\/54\/revisions"}],"predecessor-version":[{"id":162,"href":"https:\/\/bouture.org\/index.php\/wp-json\/wp\/v2\/pages\/54\/revisions\/162"}],"wp:featuredmedia":[{"embeddable":true,"href":"https:\/\/bouture.org\/index.php\/wp-json\/wp\/v2\/media\/160"}],"wp:attachment":[{"href":"https:\/\/bouture.org\/index.php\/wp-json\/wp\/v2\/media?parent=54"}],"curies":[{"name":"wp","href":"https:\/\/api.w.org\/{rel}","templated":true}]}}